{"id":14,"date":"2023-03-28T15:56:05","date_gmt":"2023-03-28T15:56:05","guid":{"rendered":"https:\/\/labs.100x100.net\/projects\/lluita\/?page_id=14"},"modified":"2025-07-23T17:03:09","modified_gmt":"2025-07-23T15:03:09","slug":"aviso-legal","status":"publish","type":"page","link":"https:\/\/lluita.org\/es\/aviso-legal\/","title":{"rendered":"Aviso legal"},"content":{"rendered":"<h2>1. IDENTIFICACI\u00d3N DEL TITULAR DEL DOMINIO<\/h2>\n<p>En cumplimiento del deber de informaci\u00f3n recogido en el art\u00edculo 10 de la Ley 34\/2002, de 11 de julio, de Servicios de la Sociedad de la Informaci\u00f3n y del Comercio Electr\u00f3nico, se publican a continuaci\u00f3n los siguientes datos.<\/p>\n<p>El titular de esta p\u00e1gina web es: <strong>FUNDACI\u00d3N FLS DE LUCHA CONTRA EL SIDA, LAS ENFERMEDADES INFECCIOSAS Y LA PROMOCI\u00d3N DE LA SALUD Y LA CIENCIA (\u201cFundaci\u00f3n FLI\u201d)<\/strong> con domicilio en Badalona (08916), Ctra. de Canyet s\/n \u2013 Hosp. Univ. Germans Trias i Pujol, 2\u00aa planta Maternal, con n\u00famero de CIF: G60182821 Inscrita en el Registro de Fundaciones de la Generalitat con el n\u00famero 667.<\/p>\n<ul>\n<li>Tel\u00e9fono de contacto: 934.657.897<\/li>\n<li>Correo electr\u00f3nico de contacto: <a href=\"mailto:dpo@lluita.org\">dpo@lluita.org<\/a><\/li>\n<\/ul>\n<p>Los profesionales m\u00e9dicos que trabajan en la Fundaci\u00f3n FLS est\u00e1n colegiados en el Colegio de M\u00e9dicos de Barcelona, que se rige por su propio c\u00f3digo deontol\u00f3gico que puede consultarse en el siguiente enlace:<\/p>\n<p><a href=\"https:\/\/www.comb.cat\/cat\/colegi\/docs\/codi_deontologic.pdf\">https:\/\/www.comb.cat\/cat\/colegi\/docs\/codi_deontologic.pdf<\/a><\/p>\n<h2>2. CONDICIONES DE USO DE LA WEB<\/h2>\n<p>Se entender\u00e1 como usuario a la persona que acceda y utilice esta p\u00e1gina web. El usuario, por el simple hecho de serlo, acepta estas condiciones de uso.<\/p>\n<p>El usuario asume la responsabilidad del uso que pueda hacer de esta web. Esta responsabilidad se extiende al registro que fuera necesario para acceder a determinados servicios o contenidos. El usuario ser\u00e1 responsable de aportar informaci\u00f3n veraz y l\u00edcita en el proceso de registro.<\/p>\n<p>EL USUARIO se compromete a hacer un uso adecuado de los contenidos y servicios que la Fundaci\u00f3n FLS ofrece a trav\u00e9s de esta web y, con car\u00e1cter enunciativo pero no limitativo, a no emplearlos para:<\/p>\n<ul>\n<li>Provocar da\u00f1os en los sistemas f\u00edsicos y l\u00f3gicos de la Fundaci\u00f3n FLS, de sus proveedores o de terceras personas; introducir o difundir en la red virus inform\u00e1ticos o cualesquiera otros sistemas f\u00edsicos o l\u00f3gicos que sean susceptibles de provocar los da\u00f1os anteriormente mencionados.<\/li>\n<li>Intentar acceder y, en su caso, utilizar las cuentas de correo electr\u00f3nico de otros usuarios y modificar o manipular sus mensajes. Queda prohibida la publicaci\u00f3n en nuestros espacios web de contenidos que atenten contra los principios enumerados a continuaci\u00f3n, reserv\u00e1ndose el titular del dominio el ejercicio de cuantas acciones sean procedentes en derecho contra los responsables de su publicaci\u00f3n.<\/li>\n<li>La salvaguarda del orden p\u00fablico, la investigaci\u00f3n penal, la seguridad p\u00fablica y la defensa nacional.<\/li>\n<li>La protecci\u00f3n de la salud p\u00fablica o de las personas f\u00edsicas que tengan la condici\u00f3n de consumidores o usuarios.<\/li>\n<li>El respeto a la dignidad de la persona y al principio de no discriminaci\u00f3n por motivos de raza, sexo, opini\u00f3n, nacionalidad, discapacidad o cualquier otra circunstancia personal o social.<\/li>\n<li>La protecci\u00f3n de la juventud y de la infancia.<\/li>\n<li>El respeto a la autonom\u00eda de la voluntad del afectado.<\/li>\n<li>El respeto a la propiedad intelectual de lo publicado.<\/li>\n<li>En general, el respeto a la legalidad vigente.<\/li>\n<\/ul>\n<p>La Fundaci\u00f3n FLS se reserva el derecho de retirar todos aquellos comentarios y aportaciones que vulneren el respeto a la dignidad de la persona, que sean discriminatorios, xen\u00f3fobos, racistas, pornogr\u00e1ficos, que atenten contra la juventud o la infancia, el orden o la seguridad p\u00fablica, o que, a su juicio, no fueran adecuados para su publicaci\u00f3n.<\/p>\n<p>En cualquier caso, el titular del dominio no ser\u00e1 responsable de las opiniones vertidas por los usuarios a trav\u00e9s de los foros, chats u otras herramientas de participaci\u00f3n que puedan incorporarse a esta web.<\/p>\n<p><strong>2.1. UTILIZACI\u00d3N DE CONTRASE\u00d1AS<\/strong><\/p>\n<p>Para acceder a contenidos concretos es necesario incluir un c\u00f3digo de usuario y una contrase\u00f1a.<\/p>\n<p>Les informamos que las contrase\u00f1as son personales e intransferibles. El usuario es el \u00fanico responsable de las consecuencias que se puedan derivar del uso de su contrase\u00f1a.<\/p>\n<p>Para cualquier incidencia con las contrase\u00f1as, puede contactar con <a href=\"mailto:dpo@lluita.org\">dpo@lluita.org<\/a>.<\/p>\n<h2>3. PROPIEDAD INTELECTUAL E INDUSTRIAL<\/h2>\n<p>La Fundaci\u00f3n FLS es titular de todos los derechos de propiedad intelectual e industrial de sus p\u00e1ginas web, as\u00ed como de todo su contenido, por lo que toda reproducci\u00f3n, distribuci\u00f3n y comunicaci\u00f3n p\u00fablica total o parcial del contenido queda expresamente prohibida sin la autorizaci\u00f3n expresa del titular.<\/p>\n<h2>4. RESPONSABILIDAD<\/h2>\n<p>El titular del dominio no ser\u00e1 responsable de los da\u00f1os y perjuicios que se puedan derivar de interferencias o aver\u00edas telef\u00f3nicas, desconexiones en el sistema electr\u00f3nico, presencia de virus inform\u00e1ticos, programas maliciosos o cualquier otro factor ajeno a su control.<\/p>\n<p>Tampoco ser\u00e1 responsable de los contenidos o sistemas de terceros conectados con su dominio.<\/p>\n<p>La Fundaci\u00f3n FLS se reserva el ejercicio de las acciones legales que correspondan contra quienes vulneren estas condiciones.<\/p>\n<h2>5. MODIFICACIONES DE LAS PRESENTES CONDICIONES Y VIGENCIA<\/h2>\n<p>La Fundaci\u00f3n FLS puede modificar las presentes condiciones en cualquier momento, sin previo aviso, publicando dichas modificaciones tal como aqu\u00ed aparecen. Una vez modificadas, las presentes condiciones dejar\u00e1n de estar vigentes y ser\u00e1n sustituidas por su modificaci\u00f3n.<\/p>\n<h2>6. LEGISLACI\u00d3N APLICABLE Y JURISDICCI\u00d3N<\/h2>\n<p>La relaci\u00f3n entre la Fundaci\u00f3n FLS y el usuario se regir\u00e1 por la normativa espa\u00f1ola vigente y cualquier controversia se someter\u00e1 a los Juzgados y tribunales de la ciudad de Barcelona.<\/p>\n","protected":false},"excerpt":{"rendered":"<p>1. IDENTIFICACI\u00d3N DEL TITULAR DEL DOMINIO En cumplimiento del deber de informaci\u00f3n recogido en el art\u00edculo 10 de la Ley 34\/2002, de 11 de julio, de Servicios de la Sociedad de la Informaci\u00f3n y del Comercio Electr\u00f3nico, se publican a continuaci\u00f3n los siguientes datos. El titular de esta p\u00e1gina web es: FUNDACI\u00d3N FLS DE LUCHA [&hellip;]<\/p>\n","protected":false},"author":1,"featured_media":0,"parent":0,"menu_order":0,"comment_status":"closed","ping_status":"closed","template":"","meta":{"_acf_changed":false,"footnotes":""},"class_list":["post-14","page","type-page","status-publish","hentry"],"acf":[],"yoast_head":"<!-- This site is optimized with the Yoast SEO Premium plugin v27.2 (Yoast SEO v27.3) - https:\/\/yoast.com\/product\/yoast-seo-premium-wordpress\/ -->\n<title>Aviso legal - Fundaci\u00f3 Lluita contra les Infeccions<\/title>\n<meta name=\"robots\" content=\"noindex, nofollow\" \/>\n<meta property=\"og:locale\" content=\"es_ES\" \/>\n<meta property=\"og:type\" content=\"article\" \/>\n<meta property=\"og:title\" content=\"Aviso legal\" \/>\n<meta property=\"og:description\" content=\"1. IDENTIFICACI\u00d3N DEL TITULAR DEL DOMINIO En cumplimiento del deber de informaci\u00f3n recogido en el art\u00edculo 10 de la Ley 34\/2002, de 11 de julio, de Servicios de la Sociedad de la Informaci\u00f3n y del Comercio Electr\u00f3nico, se publican a continuaci\u00f3n los siguientes datos. El titular de esta p\u00e1gina web es: FUNDACI\u00d3N FLS DE LUCHA [&hellip;]\" \/>\n<meta property=\"og:url\" content=\"https:\/\/lluita.org\/es\/aviso-legal\/\" \/>\n<meta property=\"og:site_name\" content=\"Fundaci\u00f3 Lluita contra les Infeccions\" \/>\n<meta property=\"article:modified_time\" content=\"2025-07-23T15:03:09+00:00\" \/>\n<meta name=\"twitter:card\" content=\"summary_large_image\" \/>\n<meta name=\"twitter:label1\" content=\"Tiempo de lectura\" \/>\n\t<meta name=\"twitter:data1\" content=\"4 minutos\" \/>\n<script type=\"application\/ld+json\" class=\"yoast-schema-graph\">{\"@context\":\"https:\\\/\\\/schema.org\",\"@graph\":[{\"@type\":\"WebPage\",\"@id\":\"https:\\\/\\\/lluita.org\\\/es\\\/aviso-legal\\\/\",\"url\":\"https:\\\/\\\/lluita.org\\\/es\\\/aviso-legal\\\/\",\"name\":\"Aviso legal - Fundaci\u00f3 Lluita contra les Infeccions\",\"isPartOf\":{\"@id\":\"https:\\\/\\\/lluita.org\\\/#website\"},\"datePublished\":\"2023-03-28T15:56:05+00:00\",\"dateModified\":\"2025-07-23T15:03:09+00:00\",\"breadcrumb\":{\"@id\":\"https:\\\/\\\/lluita.org\\\/es\\\/aviso-legal\\\/#breadcrumb\"},\"inLanguage\":\"es\",\"potentialAction\":[{\"@type\":\"ReadAction\",\"target\":[\"https:\\\/\\\/lluita.org\\\/es\\\/aviso-legal\\\/\"]}]},{\"@type\":\"BreadcrumbList\",\"@id\":\"https:\\\/\\\/lluita.org\\\/es\\\/aviso-legal\\\/#breadcrumb\",\"itemListElement\":[{\"@type\":\"ListItem\",\"position\":1,\"name\":\"Inici\",\"item\":\"https:\\\/\\\/lluita.org\\\/es\\\/\"},{\"@type\":\"ListItem\",\"position\":2,\"name\":\"Aviso legal\"}]},{\"@type\":\"WebSite\",\"@id\":\"https:\\\/\\\/lluita.org\\\/#website\",\"url\":\"https:\\\/\\\/lluita.org\\\/\",\"name\":\"Fundaci\u00f3 Lluita contra les Infeccions\",\"description\":\"\",\"potentialAction\":[{\"@type\":\"SearchAction\",\"target\":{\"@type\":\"EntryPoint\",\"urlTemplate\":\"https:\\\/\\\/lluita.org\\\/?s={search_term_string}\"},\"query-input\":{\"@type\":\"PropertyValueSpecification\",\"valueRequired\":true,\"valueName\":\"search_term_string\"}}],\"inLanguage\":\"es\"}]}<\/script>\n<!-- \/ Yoast SEO Premium plugin. -->","yoast_head_json":{"title":"Aviso legal - Fundaci\u00f3 Lluita contra les Infeccions","robots":{"index":"noindex","follow":"nofollow"},"og_locale":"es_ES","og_type":"article","og_title":"Aviso legal","og_description":"1. IDENTIFICACI\u00d3N DEL TITULAR DEL DOMINIO En cumplimiento del deber de informaci\u00f3n recogido en el art\u00edculo 10 de la Ley 34\/2002, de 11 de julio, de Servicios de la Sociedad de la Informaci\u00f3n y del Comercio Electr\u00f3nico, se publican a continuaci\u00f3n los siguientes datos. El titular de esta p\u00e1gina web es: FUNDACI\u00d3N FLS DE LUCHA [&hellip;]","og_url":"https:\/\/lluita.org\/es\/aviso-legal\/","og_site_name":"Fundaci\u00f3 Lluita contra les Infeccions","article_modified_time":"2025-07-23T15:03:09+00:00","twitter_card":"summary_large_image","twitter_misc":{"Tiempo de lectura":"4 minutos"},"schema":{"@context":"https:\/\/schema.org","@graph":[{"@type":"WebPage","@id":"https:\/\/lluita.org\/es\/aviso-legal\/","url":"https:\/\/lluita.org\/es\/aviso-legal\/","name":"Aviso legal - Fundaci\u00f3 Lluita contra les Infeccions","isPartOf":{"@id":"https:\/\/lluita.org\/#website"},"datePublished":"2023-03-28T15:56:05+00:00","dateModified":"2025-07-23T15:03:09+00:00","breadcrumb":{"@id":"https:\/\/lluita.org\/es\/aviso-legal\/#breadcrumb"},"inLanguage":"es","potentialAction":[{"@type":"ReadAction","target":["https:\/\/lluita.org\/es\/aviso-legal\/"]}]},{"@type":"BreadcrumbList","@id":"https:\/\/lluita.org\/es\/aviso-legal\/#breadcrumb","itemListElement":[{"@type":"ListItem","position":1,"name":"Inici","item":"https:\/\/lluita.org\/es\/"},{"@type":"ListItem","position":2,"name":"Aviso legal"}]},{"@type":"WebSite","@id":"https:\/\/lluita.org\/#website","url":"https:\/\/lluita.org\/","name":"Fundaci\u00f3 Lluita contra les Infeccions","description":"","potentialAction":[{"@type":"SearchAction","target":{"@type":"EntryPoint","urlTemplate":"https:\/\/lluita.org\/?s={search_term_string}"},"query-input":{"@type":"PropertyValueSpecification","valueRequired":true,"valueName":"search_term_string"}}],"inLanguage":"es"}]}},"_links":{"self":[{"href":"https:\/\/lluita.org\/es\/wp-json\/wp\/v2\/pages\/14","targetHints":{"allow":["GET"]}}],"collection":[{"href":"https:\/\/lluita.org\/es\/wp-json\/wp\/v2\/pages"}],"about":[{"href":"https:\/\/lluita.org\/es\/wp-json\/wp\/v2\/types\/page"}],"author":[{"embeddable":true,"href":"https:\/\/lluita.org\/es\/wp-json\/wp\/v2\/users\/1"}],"replies":[{"embeddable":true,"href":"https:\/\/lluita.org\/es\/wp-json\/wp\/v2\/comments?post=14"}],"version-history":[{"count":3,"href":"https:\/\/lluita.org\/es\/wp-json\/wp\/v2\/pages\/14\/revisions"}],"predecessor-version":[{"id":25147,"href":"https:\/\/lluita.org\/es\/wp-json\/wp\/v2\/pages\/14\/revisions\/25147"}],"wp:attachment":[{"href":"https:\/\/lluita.org\/es\/wp-json\/wp\/v2\/media?parent=14"}],"curies":[{"name":"wp","href":"https:\/\/api.w.org\/{rel}","templated":true}]}}