{"id":168,"date":"2023-03-28T11:52:21","date_gmt":"2023-03-28T11:52:21","guid":{"rendered":"https:\/\/labs.100x100.net\/projects\/lluita\/home\/"},"modified":"2026-04-01T16:56:10","modified_gmt":"2026-04-01T14:56:10","slug":"fundacion-lucha","status":"publish","type":"page","link":"https:\/\/lluita.org\/es\/","title":{"rendered":"Home"},"content":{"rendered":"","protected":false},"excerpt":{"rendered":"","protected":false},"author":1,"featured_media":0,"parent":0,"menu_order":0,"comment_status":"closed","ping_status":"closed","template":"page-home.php","meta":{"_acf_changed":false,"footnotes":""},"class_list":["post-168","page","type-page","status-publish","hentry"],"acf":[],"yoast_head":"<!-- This site is optimized with the Yoast SEO Premium plugin v27.2 (Yoast SEO v27.3) - https:\/\/yoast.com\/product\/yoast-seo-premium-wordpress\/ -->\n<title>Fundaci\u00f3n Lucha contra las Infecciones<\/title>\n<meta name=\"description\" content=\"La Fundaci\u00f3n Lucha contra las Infecciones es una entidad de referencia en la prevenci\u00f3n, diagn\u00f3stico y tratamiento de las enfermedades infecciosas\" \/>\n<meta name=\"robots\" content=\"index, follow, max-snippet:-1, max-image-preview:large, max-video-preview:-1\" \/>\n<link rel=\"canonical\" href=\"https:\/\/lluita.org\/es\/\" \/>\n<meta property=\"og:locale\" content=\"es_ES\" \/>\n<meta property=\"og:type\" content=\"article\" \/>\n<meta property=\"og:title\" content=\"Home\" \/>\n<meta property=\"og:description\" content=\"La Fundaci\u00f3n Lucha contra las Infecciones es una entidad de referencia en la prevenci\u00f3n, diagn\u00f3stico y tratamiento de las enfermedades infecciosas\" \/>\n<meta property=\"og:url\" content=\"https:\/\/lluita.org\/es\/\" \/>\n<meta property=\"og:site_name\" content=\"Fundaci\u00f3 Lluita contra les Infeccions\" \/>\n<meta property=\"article:modified_time\" content=\"2026-04-01T14:56:10+00:00\" \/>\n<meta property=\"og:image\" content=\"https:\/\/lluita.org\/custom\/uploads\/2023\/07\/Fundacio-Lluita-contra-les-Infeccions.jpg\" \/>\n\t<meta property=\"og:image:width\" content=\"1500\" \/>\n\t<meta property=\"og:image:height\" content=\"500\" \/>\n\t<meta property=\"og:image:type\" content=\"image\/jpeg\" \/>\n<meta name=\"twitter:card\" content=\"summary_large_image\" \/>\n<meta name=\"twitter:image\" content=\"https:\/\/lluita.org\/custom\/uploads\/2023\/07\/Fundacio-Lluita-contra-les-Infeccions.jpg\" \/>\n<script type=\"application\/ld+json\" class=\"yoast-schema-graph\">{\"@context\":\"https:\\\/\\\/schema.org\",\"@graph\":[{\"@type\":\"WebPage\",\"@id\":\"https:\\\/\\\/lluita.org\\\/es\\\/\",\"url\":\"https:\\\/\\\/lluita.org\\\/es\\\/\",\"name\":\"Fundaci\u00f3n Lucha contra las Infecciones\",\"isPartOf\":{\"@id\":\"https:\\\/\\\/lluita.org\\\/#website\"},\"datePublished\":\"2023-03-28T11:52:21+00:00\",\"dateModified\":\"2026-04-01T14:56:10+00:00\",\"description\":\"La Fundaci\u00f3n Lucha contra las Infecciones es una entidad de referencia en la prevenci\u00f3n, diagn\u00f3stico y tratamiento de las enfermedades infecciosas\",\"breadcrumb\":{\"@id\":\"https:\\\/\\\/lluita.org\\\/es\\\/#breadcrumb\"},\"inLanguage\":\"es\",\"potentialAction\":[{\"@type\":\"ReadAction\",\"target\":[\"https:\\\/\\\/lluita.org\\\/es\\\/\"]}]},{\"@type\":\"BreadcrumbList\",\"@id\":\"https:\\\/\\\/lluita.org\\\/es\\\/#breadcrumb\",\"itemListElement\":[{\"@type\":\"ListItem\",\"position\":1,\"name\":\"Inici\",\"item\":\"https:\\\/\\\/lluita.org\\\/es\\\/\"},{\"@type\":\"ListItem\",\"position\":2,\"name\":\"Home\"}]},{\"@type\":\"WebSite\",\"@id\":\"https:\\\/\\\/lluita.org\\\/#website\",\"url\":\"https:\\\/\\\/lluita.org\\\/\",\"name\":\"Fundaci\u00f3 Lluita contra les Infeccions\",\"description\":\"\",\"potentialAction\":[{\"@type\":\"SearchAction\",\"target\":{\"@type\":\"EntryPoint\",\"urlTemplate\":\"https:\\\/\\\/lluita.org\\\/?s={search_term_string}\"},\"query-input\":{\"@type\":\"PropertyValueSpecification\",\"valueRequired\":true,\"valueName\":\"search_term_string\"}}],\"inLanguage\":\"es\"}]}<\/script>\n<!-- \/ Yoast SEO Premium plugin. -->","yoast_head_json":{"title":"Fundaci\u00f3n Lucha contra las Infecciones","description":"La Fundaci\u00f3n Lucha contra las Infecciones es una entidad de referencia en la prevenci\u00f3n, diagn\u00f3stico y tratamiento de las enfermedades infecciosas","robots":{"index":"index","follow":"follow","max-snippet":"max-snippet:-1","max-image-preview":"max-image-preview:large","max-video-preview":"max-video-preview:-1"},"canonical":"https:\/\/lluita.org\/es\/","og_locale":"es_ES","og_type":"article","og_title":"Home","og_description":"La Fundaci\u00f3n Lucha contra las Infecciones es una entidad de referencia en la prevenci\u00f3n, diagn\u00f3stico y tratamiento de las enfermedades infecciosas","og_url":"https:\/\/lluita.org\/es\/","og_site_name":"Fundaci\u00f3 Lluita contra les Infeccions","article_modified_time":"2026-04-01T14:56:10+00:00","og_image":[{"width":1500,"height":500,"url":"https:\/\/lluita.org\/custom\/uploads\/2023\/07\/Fundacio-Lluita-contra-les-Infeccions.jpg","type":"image\/jpeg"}],"twitter_card":"summary_large_image","twitter_image":"https:\/\/lluita.org\/custom\/uploads\/2023\/07\/Fundacio-Lluita-contra-les-Infeccions.jpg","schema":{"@context":"https:\/\/schema.org","@graph":[{"@type":"WebPage","@id":"https:\/\/lluita.org\/es\/","url":"https:\/\/lluita.org\/es\/","name":"Fundaci\u00f3n Lucha contra las Infecciones","isPartOf":{"@id":"https:\/\/lluita.org\/#website"},"datePublished":"2023-03-28T11:52:21+00:00","dateModified":"2026-04-01T14:56:10+00:00","description":"La Fundaci\u00f3n Lucha contra las Infecciones es una entidad de referencia en la prevenci\u00f3n, diagn\u00f3stico y tratamiento de las enfermedades infecciosas","breadcrumb":{"@id":"https:\/\/lluita.org\/es\/#breadcrumb"},"inLanguage":"es","potentialAction":[{"@type":"ReadAction","target":["https:\/\/lluita.org\/es\/"]}]},{"@type":"BreadcrumbList","@id":"https:\/\/lluita.org\/es\/#breadcrumb","itemListElement":[{"@type":"ListItem","position":1,"name":"Inici","item":"https:\/\/lluita.org\/es\/"},{"@type":"ListItem","position":2,"name":"Home"}]},{"@type":"WebSite","@id":"https:\/\/lluita.org\/#website","url":"https:\/\/lluita.org\/","name":"Fundaci\u00f3 Lluita contra les Infeccions","description":"","potentialAction":[{"@type":"SearchAction","target":{"@type":"EntryPoint","urlTemplate":"https:\/\/lluita.org\/?s={search_term_string}"},"query-input":{"@type":"PropertyValueSpecification","valueRequired":true,"valueName":"search_term_string"}}],"inLanguage":"es"}]}},"_links":{"self":[{"href":"https:\/\/lluita.org\/es\/wp-json\/wp\/v2\/pages\/168","targetHints":{"allow":["GET"]}}],"collection":[{"href":"https:\/\/lluita.org\/es\/wp-json\/wp\/v2\/pages"}],"about":[{"href":"https:\/\/lluita.org\/es\/wp-json\/wp\/v2\/types\/page"}],"author":[{"embeddable":true,"href":"https:\/\/lluita.org\/es\/wp-json\/wp\/v2\/users\/1"}],"replies":[{"embeddable":true,"href":"https:\/\/lluita.org\/es\/wp-json\/wp\/v2\/comments?post=168"}],"version-history":[{"count":93,"href":"https:\/\/lluita.org\/es\/wp-json\/wp\/v2\/pages\/168\/revisions"}],"predecessor-version":[{"id":26777,"href":"https:\/\/lluita.org\/es\/wp-json\/wp\/v2\/pages\/168\/revisions\/26777"}],"wp:attachment":[{"href":"https:\/\/lluita.org\/es\/wp-json\/wp\/v2\/media?parent=168"}],"curies":[{"name":"wp","href":"https:\/\/api.w.org\/{rel}","templated":true}]}}