{"id":21614,"date":"2023-06-13T08:58:45","date_gmt":"2023-06-13T08:58:45","guid":{"rendered":"https:\/\/labs.100x100.net\/projects\/lluita\/collabora\/"},"modified":"2024-06-07T13:23:33","modified_gmt":"2024-06-07T13:23:33","slug":"colabora","status":"publish","type":"page","link":"https:\/\/lluita.org\/es\/colabora\/","title":{"rendered":"Colabora"},"content":{"rendered":"","protected":false},"excerpt":{"rendered":"","protected":false},"author":1,"featured_media":0,"parent":0,"menu_order":0,"comment_status":"closed","ping_status":"closed","template":"page-colabora.php","meta":{"_acf_changed":false,"footnotes":""},"class_list":["post-21614","page","type-page","status-publish","hentry"],"acf":[],"yoast_head":"<!-- This site is optimized with the Yoast SEO Premium plugin v27.2 (Yoast SEO v27.3) - https:\/\/yoast.com\/product\/yoast-seo-premium-wordpress\/ -->\n<title>Colabora - Fundaci\u00f3 Lluita contra les Infeccions<\/title>\n<meta name=\"description\" content=\"Ay\u00fadanos a llegar m\u00e1s lejos en la b\u00fasqueda, tratamiento y cuidado de las enfermedades infecciosas. \u00a1Colabora con nosotros!\" \/>\n<meta name=\"robots\" content=\"index, follow, max-snippet:-1, max-image-preview:large, max-video-preview:-1\" \/>\n<link rel=\"canonical\" href=\"https:\/\/lluita.org\/es\/colabora\/\" \/>\n<meta property=\"og:locale\" content=\"es_ES\" \/>\n<meta property=\"og:type\" content=\"article\" \/>\n<meta property=\"og:title\" content=\"Colabora\" \/>\n<meta property=\"og:description\" content=\"Ay\u00fadanos a llegar m\u00e1s lejos en la b\u00fasqueda, tratamiento y cuidado de las enfermedades infecciosas. \u00a1Colabora con nosotros!\" \/>\n<meta property=\"og:url\" content=\"https:\/\/lluita.org\/es\/colabora\/\" \/>\n<meta property=\"og:site_name\" content=\"Fundaci\u00f3 Lluita contra les Infeccions\" \/>\n<meta property=\"article:modified_time\" content=\"2024-06-07T13:23:33+00:00\" \/>\n<meta property=\"og:image\" content=\"https:\/\/lluita.org\/custom\/uploads\/2023\/06\/colabora_image.jpg\" \/>\n\t<meta property=\"og:image:width\" content=\"1500\" \/>\n\t<meta property=\"og:image:height\" content=\"1001\" \/>\n\t<meta property=\"og:image:type\" content=\"image\/jpeg\" \/>\n<meta name=\"twitter:card\" content=\"summary_large_image\" \/>\n<meta name=\"twitter:image\" content=\"https:\/\/lluita.org\/custom\/uploads\/2023\/06\/colabora_image.jpg\" \/>\n<script type=\"application\/ld+json\" class=\"yoast-schema-graph\">{\"@context\":\"https:\\\/\\\/schema.org\",\"@graph\":[{\"@type\":\"WebPage\",\"@id\":\"https:\\\/\\\/lluita.org\\\/es\\\/colabora\\\/\",\"url\":\"https:\\\/\\\/lluita.org\\\/es\\\/colabora\\\/\",\"name\":\"Colabora - Fundaci\u00f3 Lluita contra les Infeccions\",\"isPartOf\":{\"@id\":\"https:\\\/\\\/lluita.org\\\/#website\"},\"datePublished\":\"2023-06-13T08:58:45+00:00\",\"dateModified\":\"2024-06-07T13:23:33+00:00\",\"description\":\"Ay\u00fadanos a llegar m\u00e1s lejos en la b\u00fasqueda, tratamiento y cuidado de las enfermedades infecciosas. \u00a1Colabora con nosotros!\",\"breadcrumb\":{\"@id\":\"https:\\\/\\\/lluita.org\\\/es\\\/colabora\\\/#breadcrumb\"},\"inLanguage\":\"es\",\"potentialAction\":[{\"@type\":\"ReadAction\",\"target\":[\"https:\\\/\\\/lluita.org\\\/es\\\/colabora\\\/\"]}]},{\"@type\":\"BreadcrumbList\",\"@id\":\"https:\\\/\\\/lluita.org\\\/es\\\/colabora\\\/#breadcrumb\",\"itemListElement\":[{\"@type\":\"ListItem\",\"position\":1,\"name\":\"Inici\",\"item\":\"https:\\\/\\\/lluita.org\\\/es\\\/\"},{\"@type\":\"ListItem\",\"position\":2,\"name\":\"Colabora\"}]},{\"@type\":\"WebSite\",\"@id\":\"https:\\\/\\\/lluita.org\\\/#website\",\"url\":\"https:\\\/\\\/lluita.org\\\/\",\"name\":\"Fundaci\u00f3 Lluita contra les Infeccions\",\"description\":\"\",\"potentialAction\":[{\"@type\":\"SearchAction\",\"target\":{\"@type\":\"EntryPoint\",\"urlTemplate\":\"https:\\\/\\\/lluita.org\\\/?s={search_term_string}\"},\"query-input\":{\"@type\":\"PropertyValueSpecification\",\"valueRequired\":true,\"valueName\":\"search_term_string\"}}],\"inLanguage\":\"es\"}]}<\/script>\n<!-- \/ Yoast SEO Premium plugin. -->","yoast_head_json":{"title":"Colabora - Fundaci\u00f3 Lluita contra les Infeccions","description":"Ay\u00fadanos a llegar m\u00e1s lejos en la b\u00fasqueda, tratamiento y cuidado de las enfermedades infecciosas. \u00a1Colabora con nosotros!","robots":{"index":"index","follow":"follow","max-snippet":"max-snippet:-1","max-image-preview":"max-image-preview:large","max-video-preview":"max-video-preview:-1"},"canonical":"https:\/\/lluita.org\/es\/colabora\/","og_locale":"es_ES","og_type":"article","og_title":"Colabora","og_description":"Ay\u00fadanos a llegar m\u00e1s lejos en la b\u00fasqueda, tratamiento y cuidado de las enfermedades infecciosas. \u00a1Colabora con nosotros!","og_url":"https:\/\/lluita.org\/es\/colabora\/","og_site_name":"Fundaci\u00f3 Lluita contra les Infeccions","article_modified_time":"2024-06-07T13:23:33+00:00","og_image":[{"width":1500,"height":1001,"url":"https:\/\/lluita.org\/custom\/uploads\/2023\/06\/colabora_image.jpg","type":"image\/jpeg"}],"twitter_card":"summary_large_image","twitter_image":"https:\/\/lluita.org\/custom\/uploads\/2023\/06\/colabora_image.jpg","schema":{"@context":"https:\/\/schema.org","@graph":[{"@type":"WebPage","@id":"https:\/\/lluita.org\/es\/colabora\/","url":"https:\/\/lluita.org\/es\/colabora\/","name":"Colabora - Fundaci\u00f3 Lluita contra les Infeccions","isPartOf":{"@id":"https:\/\/lluita.org\/#website"},"datePublished":"2023-06-13T08:58:45+00:00","dateModified":"2024-06-07T13:23:33+00:00","description":"Ay\u00fadanos a llegar m\u00e1s lejos en la b\u00fasqueda, tratamiento y cuidado de las enfermedades infecciosas. \u00a1Colabora con nosotros!","breadcrumb":{"@id":"https:\/\/lluita.org\/es\/colabora\/#breadcrumb"},"inLanguage":"es","potentialAction":[{"@type":"ReadAction","target":["https:\/\/lluita.org\/es\/colabora\/"]}]},{"@type":"BreadcrumbList","@id":"https:\/\/lluita.org\/es\/colabora\/#breadcrumb","itemListElement":[{"@type":"ListItem","position":1,"name":"Inici","item":"https:\/\/lluita.org\/es\/"},{"@type":"ListItem","position":2,"name":"Colabora"}]},{"@type":"WebSite","@id":"https:\/\/lluita.org\/#website","url":"https:\/\/lluita.org\/","name":"Fundaci\u00f3 Lluita contra les Infeccions","description":"","potentialAction":[{"@type":"SearchAction","target":{"@type":"EntryPoint","urlTemplate":"https:\/\/lluita.org\/?s={search_term_string}"},"query-input":{"@type":"PropertyValueSpecification","valueRequired":true,"valueName":"search_term_string"}}],"inLanguage":"es"}]}},"_links":{"self":[{"href":"https:\/\/lluita.org\/es\/wp-json\/wp\/v2\/pages\/21614","targetHints":{"allow":["GET"]}}],"collection":[{"href":"https:\/\/lluita.org\/es\/wp-json\/wp\/v2\/pages"}],"about":[{"href":"https:\/\/lluita.org\/es\/wp-json\/wp\/v2\/types\/page"}],"author":[{"embeddable":true,"href":"https:\/\/lluita.org\/es\/wp-json\/wp\/v2\/users\/1"}],"replies":[{"embeddable":true,"href":"https:\/\/lluita.org\/es\/wp-json\/wp\/v2\/comments?post=21614"}],"version-history":[{"count":7,"href":"https:\/\/lluita.org\/es\/wp-json\/wp\/v2\/pages\/21614\/revisions"}],"predecessor-version":[{"id":23507,"href":"https:\/\/lluita.org\/es\/wp-json\/wp\/v2\/pages\/21614\/revisions\/23507"}],"wp:attachment":[{"href":"https:\/\/lluita.org\/es\/wp-json\/wp\/v2\/media?parent=21614"}],"curies":[{"name":"wp","href":"https:\/\/api.w.org\/{rel}","templated":true}]}}