{"id":21622,"date":"2023-06-01T08:07:52","date_gmt":"2023-06-01T08:07:52","guid":{"rendered":"https:\/\/labs.100x100.net\/projects\/lluita\/colabora\/fes-te-soci\/"},"modified":"2026-03-10T12:15:21","modified_gmt":"2026-03-10T11:15:21","slug":"hazte-socio","status":"publish","type":"page","link":"https:\/\/lluita.org\/es\/colabora\/hazte-socio\/","title":{"rendered":"Hazte socio"},"content":{"rendered":"","protected":false},"excerpt":{"rendered":"","protected":false},"author":1,"featured_media":0,"parent":21614,"menu_order":0,"comment_status":"closed","ping_status":"closed","template":"page-festesoci.php","meta":{"_acf_changed":false,"footnotes":""},"class_list":["post-21622","page","type-page","status-publish","hentry"],"acf":[],"yoast_head":"<!-- This site is optimized with the Yoast SEO Premium plugin v27.3 (Yoast SEO v27.3) - https:\/\/yoast.com\/product\/yoast-seo-premium-wordpress\/ -->\n<title>Hazte socio - Fundaci\u00f3n Lucha contra las Infecciones<\/title>\n<meta name=\"description\" content=\"Hazte socio -\u00danete al Club de la Lucha y ay\u00fadanos a llegar m\u00e1s lejos en la b\u00fasqueda, tratamiento y cuidado de las enfermedades infecciosas\" \/>\n<meta name=\"robots\" content=\"index, follow, max-snippet:-1, max-image-preview:large, max-video-preview:-1\" \/>\n<link rel=\"canonical\" href=\"https:\/\/lluita.org\/es\/colabora\/hazte-socio\/\" \/>\n<meta property=\"og:locale\" content=\"es_ES\" \/>\n<meta property=\"og:type\" content=\"article\" \/>\n<meta property=\"og:title\" content=\"Hazte socio\" \/>\n<meta property=\"og:description\" content=\"Hazte socio -\u00danete al Club de la Lucha y ay\u00fadanos a llegar m\u00e1s lejos en la b\u00fasqueda, tratamiento y cuidado de las enfermedades infecciosas\" \/>\n<meta property=\"og:url\" content=\"https:\/\/lluita.org\/es\/colabora\/hazte-socio\/\" \/>\n<meta property=\"og:site_name\" content=\"Fundaci\u00f3 Lluita contra les Infeccions\" \/>\n<meta property=\"article:modified_time\" content=\"2026-03-10T11:15:21+00:00\" \/>\n<meta property=\"og:image\" content=\"https:\/\/lluita.org\/custom\/uploads\/2023\/06\/colabora_image.jpg\" \/>\n\t<meta property=\"og:image:width\" content=\"1500\" \/>\n\t<meta property=\"og:image:height\" content=\"1001\" \/>\n\t<meta property=\"og:image:type\" content=\"image\/jpeg\" \/>\n<meta name=\"twitter:card\" content=\"summary_large_image\" \/>\n<meta name=\"twitter:image\" content=\"https:\/\/lluita.org\/custom\/uploads\/2023\/06\/colabora_image.jpg\" \/>\n<script type=\"application\/ld+json\" class=\"yoast-schema-graph\">{\"@context\":\"https:\\\/\\\/schema.org\",\"@graph\":[{\"@type\":\"WebPage\",\"@id\":\"https:\\\/\\\/lluita.org\\\/es\\\/colabora\\\/hazte-socio\\\/\",\"url\":\"https:\\\/\\\/lluita.org\\\/es\\\/colabora\\\/hazte-socio\\\/\",\"name\":\"Hazte socio - Fundaci\u00f3n Lucha contra las Infecciones\",\"isPartOf\":{\"@id\":\"https:\\\/\\\/lluita.org\\\/#website\"},\"datePublished\":\"2023-06-01T08:07:52+00:00\",\"dateModified\":\"2026-03-10T11:15:21+00:00\",\"description\":\"Hazte socio -\u00danete al Club de la Lucha y ay\u00fadanos a llegar m\u00e1s lejos en la b\u00fasqueda, tratamiento y cuidado de las enfermedades infecciosas\",\"breadcrumb\":{\"@id\":\"https:\\\/\\\/lluita.org\\\/es\\\/colabora\\\/hazte-socio\\\/#breadcrumb\"},\"inLanguage\":\"es\",\"potentialAction\":[{\"@type\":\"ReadAction\",\"target\":[\"https:\\\/\\\/lluita.org\\\/es\\\/colabora\\\/hazte-socio\\\/\"]}]},{\"@type\":\"BreadcrumbList\",\"@id\":\"https:\\\/\\\/lluita.org\\\/es\\\/colabora\\\/hazte-socio\\\/#breadcrumb\",\"itemListElement\":[{\"@type\":\"ListItem\",\"position\":1,\"name\":\"Inici\",\"item\":\"https:\\\/\\\/lluita.org\\\/es\\\/\"},{\"@type\":\"ListItem\",\"position\":2,\"name\":\"Colabora\",\"item\":\"https:\\\/\\\/lluita.org\\\/es\\\/colabora\\\/\"},{\"@type\":\"ListItem\",\"position\":3,\"name\":\"Hazte socio\"}]},{\"@type\":\"WebSite\",\"@id\":\"https:\\\/\\\/lluita.org\\\/#website\",\"url\":\"https:\\\/\\\/lluita.org\\\/\",\"name\":\"Fundaci\u00f3 Lluita contra les Infeccions\",\"description\":\"\",\"potentialAction\":[{\"@type\":\"SearchAction\",\"target\":{\"@type\":\"EntryPoint\",\"urlTemplate\":\"https:\\\/\\\/lluita.org\\\/?s={search_term_string}\"},\"query-input\":{\"@type\":\"PropertyValueSpecification\",\"valueRequired\":true,\"valueName\":\"search_term_string\"}}],\"inLanguage\":\"es\"}]}<\/script>\n<!-- \/ Yoast SEO Premium plugin. -->","yoast_head_json":{"title":"Hazte socio - Fundaci\u00f3n Lucha contra las Infecciones","description":"Hazte socio -\u00danete al Club de la Lucha y ay\u00fadanos a llegar m\u00e1s lejos en la b\u00fasqueda, tratamiento y cuidado de las enfermedades infecciosas","robots":{"index":"index","follow":"follow","max-snippet":"max-snippet:-1","max-image-preview":"max-image-preview:large","max-video-preview":"max-video-preview:-1"},"canonical":"https:\/\/lluita.org\/es\/colabora\/hazte-socio\/","og_locale":"es_ES","og_type":"article","og_title":"Hazte socio","og_description":"Hazte socio -\u00danete al Club de la Lucha y ay\u00fadanos a llegar m\u00e1s lejos en la b\u00fasqueda, tratamiento y cuidado de las enfermedades infecciosas","og_url":"https:\/\/lluita.org\/es\/colabora\/hazte-socio\/","og_site_name":"Fundaci\u00f3 Lluita contra les Infeccions","article_modified_time":"2026-03-10T11:15:21+00:00","og_image":[{"width":1500,"height":1001,"url":"https:\/\/lluita.org\/custom\/uploads\/2023\/06\/colabora_image.jpg","type":"image\/jpeg"}],"twitter_card":"summary_large_image","twitter_image":"https:\/\/lluita.org\/custom\/uploads\/2023\/06\/colabora_image.jpg","schema":{"@context":"https:\/\/schema.org","@graph":[{"@type":"WebPage","@id":"https:\/\/lluita.org\/es\/colabora\/hazte-socio\/","url":"https:\/\/lluita.org\/es\/colabora\/hazte-socio\/","name":"Hazte socio - Fundaci\u00f3n Lucha contra las Infecciones","isPartOf":{"@id":"https:\/\/lluita.org\/#website"},"datePublished":"2023-06-01T08:07:52+00:00","dateModified":"2026-03-10T11:15:21+00:00","description":"Hazte socio -\u00danete al Club de la Lucha y ay\u00fadanos a llegar m\u00e1s lejos en la b\u00fasqueda, tratamiento y cuidado de las enfermedades infecciosas","breadcrumb":{"@id":"https:\/\/lluita.org\/es\/colabora\/hazte-socio\/#breadcrumb"},"inLanguage":"es","potentialAction":[{"@type":"ReadAction","target":["https:\/\/lluita.org\/es\/colabora\/hazte-socio\/"]}]},{"@type":"BreadcrumbList","@id":"https:\/\/lluita.org\/es\/colabora\/hazte-socio\/#breadcrumb","itemListElement":[{"@type":"ListItem","position":1,"name":"Inici","item":"https:\/\/lluita.org\/es\/"},{"@type":"ListItem","position":2,"name":"Colabora","item":"https:\/\/lluita.org\/es\/colabora\/"},{"@type":"ListItem","position":3,"name":"Hazte socio"}]},{"@type":"WebSite","@id":"https:\/\/lluita.org\/#website","url":"https:\/\/lluita.org\/","name":"Fundaci\u00f3 Lluita contra les Infeccions","description":"","potentialAction":[{"@type":"SearchAction","target":{"@type":"EntryPoint","urlTemplate":"https:\/\/lluita.org\/?s={search_term_string}"},"query-input":{"@type":"PropertyValueSpecification","valueRequired":true,"valueName":"search_term_string"}}],"inLanguage":"es"}]}},"_links":{"self":[{"href":"https:\/\/lluita.org\/es\/wp-json\/wp\/v2\/pages\/21622","targetHints":{"allow":["GET"]}}],"collection":[{"href":"https:\/\/lluita.org\/es\/wp-json\/wp\/v2\/pages"}],"about":[{"href":"https:\/\/lluita.org\/es\/wp-json\/wp\/v2\/types\/page"}],"author":[{"embeddable":true,"href":"https:\/\/lluita.org\/es\/wp-json\/wp\/v2\/users\/1"}],"replies":[{"embeddable":true,"href":"https:\/\/lluita.org\/es\/wp-json\/wp\/v2\/comments?post=21622"}],"version-history":[{"count":5,"href":"https:\/\/lluita.org\/es\/wp-json\/wp\/v2\/pages\/21622\/revisions"}],"predecessor-version":[{"id":26324,"href":"https:\/\/lluita.org\/es\/wp-json\/wp\/v2\/pages\/21622\/revisions\/26324"}],"up":[{"embeddable":true,"href":"https:\/\/lluita.org\/es\/wp-json\/wp\/v2\/pages\/21614"}],"wp:attachment":[{"href":"https:\/\/lluita.org\/es\/wp-json\/wp\/v2\/media?parent=21622"}],"curies":[{"name":"wp","href":"https:\/\/api.w.org\/{rel}","templated":true}]}}