{"id":21666,"date":"2023-06-19T09:03:22","date_gmt":"2023-06-19T09:03:22","guid":{"rendered":"https:\/\/labs.100x100.net\/projects\/lluita\/recursos-generals\/"},"modified":"2026-03-17T16:58:43","modified_gmt":"2026-03-17T15:58:43","slug":"recursos-generals","status":"publish","type":"page","link":"https:\/\/lluita.org\/es\/recursos-generals\/","title":{"rendered":"Documentaci\u00f3n general"},"content":{"rendered":"","protected":false},"excerpt":{"rendered":"","protected":false},"author":1,"featured_media":0,"parent":0,"menu_order":0,"comment_status":"closed","ping_status":"closed","template":"page-recursos-generals.php","meta":{"_acf_changed":false,"footnotes":""},"class_list":["post-21666","page","type-page","status-publish","hentry"],"acf":[],"yoast_head":"<!-- This site is optimized with the Yoast SEO Premium plugin v27.4 (Yoast SEO v27.4) - https:\/\/yoast.com\/product\/yoast-seo-premium-wordpress\/ -->\n<title>Documentaci\u00f3n general - Fundaci\u00f3 Lluita contra les Infeccions<\/title>\n<meta name=\"description\" content=\"En Recursos generales se pueden consultar documentos sobre nuestra pol\u00edtica de calidad, plan estrat\u00e9gico, memorias y cuentas anuales\" \/>\n<meta name=\"robots\" content=\"index, follow, max-snippet:-1, max-image-preview:large, max-video-preview:-1\" \/>\n<link rel=\"canonical\" href=\"https:\/\/lluita.org\/es\/recursos-generals\/\" \/>\n<meta property=\"og:locale\" content=\"es_ES\" \/>\n<meta property=\"og:type\" content=\"article\" \/>\n<meta property=\"og:title\" content=\"Documentaci\u00f3n general\" \/>\n<meta property=\"og:description\" content=\"En Recursos generales se pueden consultar documentos sobre nuestra pol\u00edtica de calidad, plan estrat\u00e9gico, memorias y cuentas anuales\" \/>\n<meta property=\"og:url\" content=\"https:\/\/lluita.org\/es\/recursos-generals\/\" \/>\n<meta property=\"og:site_name\" content=\"Fundaci\u00f3 Lluita contra les Infeccions\" \/>\n<meta property=\"article:modified_time\" content=\"2026-03-17T15:58:43+00:00\" \/>\n<meta property=\"og:image\" content=\"https:\/\/lluita.org\/custom\/uploads\/2023\/06\/transparencia.jpg\" \/>\n\t<meta property=\"og:image:width\" content=\"1500\" \/>\n\t<meta property=\"og:image:height\" content=\"1298\" \/>\n\t<meta property=\"og:image:type\" content=\"image\/jpeg\" \/>\n<meta name=\"twitter:card\" content=\"summary_large_image\" \/>\n<meta name=\"twitter:image\" content=\"https:\/\/lluita.org\/custom\/uploads\/2023\/06\/transparencia.jpg\" \/>\n<script type=\"application\/ld+json\" class=\"yoast-schema-graph\">{\"@context\":\"https:\\\/\\\/schema.org\",\"@graph\":[{\"@type\":\"WebPage\",\"@id\":\"https:\\\/\\\/lluita.org\\\/es\\\/recursos-generals\\\/\",\"url\":\"https:\\\/\\\/lluita.org\\\/es\\\/recursos-generals\\\/\",\"name\":\"Documentaci\u00f3n general - Fundaci\u00f3 Lluita contra les Infeccions\",\"isPartOf\":{\"@id\":\"https:\\\/\\\/lluita.org\\\/#website\"},\"datePublished\":\"2023-06-19T09:03:22+00:00\",\"dateModified\":\"2026-03-17T15:58:43+00:00\",\"description\":\"En Recursos generales se pueden consultar documentos sobre nuestra pol\u00edtica de calidad, plan estrat\u00e9gico, memorias y cuentas anuales\",\"breadcrumb\":{\"@id\":\"https:\\\/\\\/lluita.org\\\/es\\\/recursos-generals\\\/#breadcrumb\"},\"inLanguage\":\"es\",\"potentialAction\":[{\"@type\":\"ReadAction\",\"target\":[\"https:\\\/\\\/lluita.org\\\/es\\\/recursos-generals\\\/\"]}]},{\"@type\":\"BreadcrumbList\",\"@id\":\"https:\\\/\\\/lluita.org\\\/es\\\/recursos-generals\\\/#breadcrumb\",\"itemListElement\":[{\"@type\":\"ListItem\",\"position\":1,\"name\":\"Inici\",\"item\":\"https:\\\/\\\/lluita.org\\\/es\\\/\"},{\"@type\":\"ListItem\",\"position\":2,\"name\":\"Documentaci\u00f3n general\"}]},{\"@type\":\"WebSite\",\"@id\":\"https:\\\/\\\/lluita.org\\\/#website\",\"url\":\"https:\\\/\\\/lluita.org\\\/\",\"name\":\"Fundaci\u00f3 Lluita contra les Infeccions\",\"description\":\"\",\"potentialAction\":[{\"@type\":\"SearchAction\",\"target\":{\"@type\":\"EntryPoint\",\"urlTemplate\":\"https:\\\/\\\/lluita.org\\\/?s={search_term_string}\"},\"query-input\":{\"@type\":\"PropertyValueSpecification\",\"valueRequired\":true,\"valueName\":\"search_term_string\"}}],\"inLanguage\":\"es\"}]}<\/script>\n<!-- \/ Yoast SEO Premium plugin. -->","yoast_head_json":{"title":"Documentaci\u00f3n general - Fundaci\u00f3 Lluita contra les Infeccions","description":"En Recursos generales se pueden consultar documentos sobre nuestra pol\u00edtica de calidad, plan estrat\u00e9gico, memorias y cuentas anuales","robots":{"index":"index","follow":"follow","max-snippet":"max-snippet:-1","max-image-preview":"max-image-preview:large","max-video-preview":"max-video-preview:-1"},"canonical":"https:\/\/lluita.org\/es\/recursos-generals\/","og_locale":"es_ES","og_type":"article","og_title":"Documentaci\u00f3n general","og_description":"En Recursos generales se pueden consultar documentos sobre nuestra pol\u00edtica de calidad, plan estrat\u00e9gico, memorias y cuentas anuales","og_url":"https:\/\/lluita.org\/es\/recursos-generals\/","og_site_name":"Fundaci\u00f3 Lluita contra les Infeccions","article_modified_time":"2026-03-17T15:58:43+00:00","og_image":[{"width":1500,"height":1298,"url":"https:\/\/lluita.org\/custom\/uploads\/2023\/06\/transparencia.jpg","type":"image\/jpeg"}],"twitter_card":"summary_large_image","twitter_image":"https:\/\/lluita.org\/custom\/uploads\/2023\/06\/transparencia.jpg","schema":{"@context":"https:\/\/schema.org","@graph":[{"@type":"WebPage","@id":"https:\/\/lluita.org\/es\/recursos-generals\/","url":"https:\/\/lluita.org\/es\/recursos-generals\/","name":"Documentaci\u00f3n general - Fundaci\u00f3 Lluita contra les Infeccions","isPartOf":{"@id":"https:\/\/lluita.org\/#website"},"datePublished":"2023-06-19T09:03:22+00:00","dateModified":"2026-03-17T15:58:43+00:00","description":"En Recursos generales se pueden consultar documentos sobre nuestra pol\u00edtica de calidad, plan estrat\u00e9gico, memorias y cuentas anuales","breadcrumb":{"@id":"https:\/\/lluita.org\/es\/recursos-generals\/#breadcrumb"},"inLanguage":"es","potentialAction":[{"@type":"ReadAction","target":["https:\/\/lluita.org\/es\/recursos-generals\/"]}]},{"@type":"BreadcrumbList","@id":"https:\/\/lluita.org\/es\/recursos-generals\/#breadcrumb","itemListElement":[{"@type":"ListItem","position":1,"name":"Inici","item":"https:\/\/lluita.org\/es\/"},{"@type":"ListItem","position":2,"name":"Documentaci\u00f3n general"}]},{"@type":"WebSite","@id":"https:\/\/lluita.org\/#website","url":"https:\/\/lluita.org\/","name":"Fundaci\u00f3 Lluita contra les Infeccions","description":"","potentialAction":[{"@type":"SearchAction","target":{"@type":"EntryPoint","urlTemplate":"https:\/\/lluita.org\/?s={search_term_string}"},"query-input":{"@type":"PropertyValueSpecification","valueRequired":true,"valueName":"search_term_string"}}],"inLanguage":"es"}]}},"_links":{"self":[{"href":"https:\/\/lluita.org\/es\/wp-json\/wp\/v2\/pages\/21666","targetHints":{"allow":["GET"]}}],"collection":[{"href":"https:\/\/lluita.org\/es\/wp-json\/wp\/v2\/pages"}],"about":[{"href":"https:\/\/lluita.org\/es\/wp-json\/wp\/v2\/types\/page"}],"author":[{"embeddable":true,"href":"https:\/\/lluita.org\/es\/wp-json\/wp\/v2\/users\/1"}],"replies":[{"embeddable":true,"href":"https:\/\/lluita.org\/es\/wp-json\/wp\/v2\/comments?post=21666"}],"version-history":[{"count":6,"href":"https:\/\/lluita.org\/es\/wp-json\/wp\/v2\/pages\/21666\/revisions"}],"predecessor-version":[{"id":26404,"href":"https:\/\/lluita.org\/es\/wp-json\/wp\/v2\/pages\/21666\/revisions\/26404"}],"wp:attachment":[{"href":"https:\/\/lluita.org\/es\/wp-json\/wp\/v2\/media?parent=21666"}],"curies":[{"name":"wp","href":"https:\/\/api.w.org\/{rel}","templated":true}]}}