{"id":22018,"date":"2023-07-19T13:06:25","date_gmt":"2023-07-19T13:06:25","guid":{"rendered":"https:\/\/labs.100x100.net\/projects\/lluita\/quienes-somos\/area-institucional\/"},"modified":"2023-08-24T14:39:04","modified_gmt":"2023-08-24T14:39:04","slug":"area-institucional","status":"publish","type":"page","link":"https:\/\/lluita.org\/es\/quienes-somos\/area-institucional\/","title":{"rendered":"\u00c1rea institucional"},"content":{"rendered":"","protected":false},"excerpt":{"rendered":"","protected":false},"author":1,"featured_media":0,"parent":21640,"menu_order":0,"comment_status":"closed","ping_status":"closed","template":"page-equip-institucional.php","meta":{"_acf_changed":false,"footnotes":""},"class_list":["post-22018","page","type-page","status-publish","hentry"],"acf":[],"yoast_head":"<!-- This site is optimized with the Yoast SEO Premium plugin v27.2 (Yoast SEO v27.3) - https:\/\/yoast.com\/product\/yoast-seo-premium-wordpress\/ -->\n<title>\u00c1rea institucional - Fundaci\u00f3n Lucha contra las Infecciones<\/title>\n<meta name=\"description\" content=\"\u00c1rea Institucional \u25b6\ufe0f Descubre al equipo que forma parte de la Fundaci\u00f3n Lucha contra las Infecciones\" \/>\n<meta name=\"robots\" content=\"index, follow, max-snippet:-1, max-image-preview:large, max-video-preview:-1\" \/>\n<link rel=\"canonical\" href=\"https:\/\/lluita.org\/es\/quienes-somos\/area-institucional\/\" \/>\n<meta property=\"og:locale\" content=\"es_ES\" \/>\n<meta property=\"og:type\" content=\"article\" \/>\n<meta property=\"og:title\" content=\"\u00c1rea institucional\" \/>\n<meta property=\"og:description\" content=\"\u00c1rea Institucional \u25b6\ufe0f Descubre al equipo que forma parte de la Fundaci\u00f3n Lucha contra las Infecciones\" \/>\n<meta property=\"og:url\" content=\"https:\/\/lluita.org\/es\/quienes-somos\/area-institucional\/\" \/>\n<meta property=\"og:site_name\" content=\"Fundaci\u00f3 Lluita contra les Infeccions\" \/>\n<meta property=\"article:modified_time\" content=\"2023-08-24T14:39:04+00:00\" \/>\n<meta property=\"og:image\" content=\"https:\/\/hundreds-wordpress-uploads.s3.amazonaws.com\/lluita\/uploads\/2023\/06\/slider2-mobile.jpg\" \/>\n\t<meta property=\"og:image:width\" content=\"1154\" \/>\n\t<meta property=\"og:image:height\" content=\"1143\" \/>\n\t<meta property=\"og:image:type\" content=\"image\/jpeg\" \/>\n<meta name=\"twitter:card\" content=\"summary_large_image\" \/>\n<meta name=\"twitter:image\" content=\"https:\/\/lluita.org\/custom\/uploads\/2023\/06\/slider2-mobile.jpg\" \/>\n<script type=\"application\/ld+json\" class=\"yoast-schema-graph\">{\"@context\":\"https:\\\/\\\/schema.org\",\"@graph\":[{\"@type\":\"WebPage\",\"@id\":\"https:\\\/\\\/lluita.org\\\/es\\\/quienes-somos\\\/area-institucional\\\/\",\"url\":\"https:\\\/\\\/lluita.org\\\/es\\\/quienes-somos\\\/area-institucional\\\/\",\"name\":\"\u00c1rea institucional - Fundaci\u00f3n Lucha contra las Infecciones\",\"isPartOf\":{\"@id\":\"https:\\\/\\\/lluita.org\\\/#website\"},\"datePublished\":\"2023-07-19T13:06:25+00:00\",\"dateModified\":\"2023-08-24T14:39:04+00:00\",\"description\":\"\u00c1rea Institucional \u25b6\ufe0f Descubre al equipo que forma parte de la Fundaci\u00f3n Lucha contra las Infecciones\",\"breadcrumb\":{\"@id\":\"https:\\\/\\\/lluita.org\\\/es\\\/quienes-somos\\\/area-institucional\\\/#breadcrumb\"},\"inLanguage\":\"es\",\"potentialAction\":[{\"@type\":\"ReadAction\",\"target\":[\"https:\\\/\\\/lluita.org\\\/es\\\/quienes-somos\\\/area-institucional\\\/\"]}]},{\"@type\":\"BreadcrumbList\",\"@id\":\"https:\\\/\\\/lluita.org\\\/es\\\/quienes-somos\\\/area-institucional\\\/#breadcrumb\",\"itemListElement\":[{\"@type\":\"ListItem\",\"position\":1,\"name\":\"Inici\",\"item\":\"https:\\\/\\\/lluita.org\\\/es\\\/\"},{\"@type\":\"ListItem\",\"position\":2,\"name\":\"\u00bfQui\u00e9nes somos?\",\"item\":\"https:\\\/\\\/lluita.org\\\/es\\\/quienes-somos\\\/\"},{\"@type\":\"ListItem\",\"position\":3,\"name\":\"\u00c1rea institucional\"}]},{\"@type\":\"WebSite\",\"@id\":\"https:\\\/\\\/lluita.org\\\/#website\",\"url\":\"https:\\\/\\\/lluita.org\\\/\",\"name\":\"Fundaci\u00f3 Lluita contra les Infeccions\",\"description\":\"\",\"potentialAction\":[{\"@type\":\"SearchAction\",\"target\":{\"@type\":\"EntryPoint\",\"urlTemplate\":\"https:\\\/\\\/lluita.org\\\/?s={search_term_string}\"},\"query-input\":{\"@type\":\"PropertyValueSpecification\",\"valueRequired\":true,\"valueName\":\"search_term_string\"}}],\"inLanguage\":\"es\"}]}<\/script>\n<!-- \/ Yoast SEO Premium plugin. -->","yoast_head_json":{"title":"\u00c1rea institucional - Fundaci\u00f3n Lucha contra las Infecciones","description":"\u00c1rea Institucional \u25b6\ufe0f Descubre al equipo que forma parte de la Fundaci\u00f3n Lucha contra las Infecciones","robots":{"index":"index","follow":"follow","max-snippet":"max-snippet:-1","max-image-preview":"max-image-preview:large","max-video-preview":"max-video-preview:-1"},"canonical":"https:\/\/lluita.org\/es\/quienes-somos\/area-institucional\/","og_locale":"es_ES","og_type":"article","og_title":"\u00c1rea institucional","og_description":"\u00c1rea Institucional \u25b6\ufe0f Descubre al equipo que forma parte de la Fundaci\u00f3n Lucha contra las Infecciones","og_url":"https:\/\/lluita.org\/es\/quienes-somos\/area-institucional\/","og_site_name":"Fundaci\u00f3 Lluita contra les Infeccions","article_modified_time":"2023-08-24T14:39:04+00:00","og_image":[{"width":1154,"height":1143,"url":"https:\/\/hundreds-wordpress-uploads.s3.amazonaws.com\/lluita\/uploads\/2023\/06\/slider2-mobile.jpg","type":"image\/jpeg"}],"twitter_card":"summary_large_image","twitter_image":"https:\/\/lluita.org\/custom\/uploads\/2023\/06\/slider2-mobile.jpg","schema":{"@context":"https:\/\/schema.org","@graph":[{"@type":"WebPage","@id":"https:\/\/lluita.org\/es\/quienes-somos\/area-institucional\/","url":"https:\/\/lluita.org\/es\/quienes-somos\/area-institucional\/","name":"\u00c1rea institucional - Fundaci\u00f3n Lucha contra las Infecciones","isPartOf":{"@id":"https:\/\/lluita.org\/#website"},"datePublished":"2023-07-19T13:06:25+00:00","dateModified":"2023-08-24T14:39:04+00:00","description":"\u00c1rea Institucional \u25b6\ufe0f Descubre al equipo que forma parte de la Fundaci\u00f3n Lucha contra las Infecciones","breadcrumb":{"@id":"https:\/\/lluita.org\/es\/quienes-somos\/area-institucional\/#breadcrumb"},"inLanguage":"es","potentialAction":[{"@type":"ReadAction","target":["https:\/\/lluita.org\/es\/quienes-somos\/area-institucional\/"]}]},{"@type":"BreadcrumbList","@id":"https:\/\/lluita.org\/es\/quienes-somos\/area-institucional\/#breadcrumb","itemListElement":[{"@type":"ListItem","position":1,"name":"Inici","item":"https:\/\/lluita.org\/es\/"},{"@type":"ListItem","position":2,"name":"\u00bfQui\u00e9nes somos?","item":"https:\/\/lluita.org\/es\/quienes-somos\/"},{"@type":"ListItem","position":3,"name":"\u00c1rea institucional"}]},{"@type":"WebSite","@id":"https:\/\/lluita.org\/#website","url":"https:\/\/lluita.org\/","name":"Fundaci\u00f3 Lluita contra les Infeccions","description":"","potentialAction":[{"@type":"SearchAction","target":{"@type":"EntryPoint","urlTemplate":"https:\/\/lluita.org\/?s={search_term_string}"},"query-input":{"@type":"PropertyValueSpecification","valueRequired":true,"valueName":"search_term_string"}}],"inLanguage":"es"}]}},"_links":{"self":[{"href":"https:\/\/lluita.org\/es\/wp-json\/wp\/v2\/pages\/22018","targetHints":{"allow":["GET"]}}],"collection":[{"href":"https:\/\/lluita.org\/es\/wp-json\/wp\/v2\/pages"}],"about":[{"href":"https:\/\/lluita.org\/es\/wp-json\/wp\/v2\/types\/page"}],"author":[{"embeddable":true,"href":"https:\/\/lluita.org\/es\/wp-json\/wp\/v2\/users\/1"}],"replies":[{"embeddable":true,"href":"https:\/\/lluita.org\/es\/wp-json\/wp\/v2\/comments?post=22018"}],"version-history":[{"count":1,"href":"https:\/\/lluita.org\/es\/wp-json\/wp\/v2\/pages\/22018\/revisions"}],"predecessor-version":[{"id":22020,"href":"https:\/\/lluita.org\/es\/wp-json\/wp\/v2\/pages\/22018\/revisions\/22020"}],"up":[{"embeddable":true,"href":"https:\/\/lluita.org\/es\/wp-json\/wp\/v2\/pages\/21640"}],"wp:attachment":[{"href":"https:\/\/lluita.org\/es\/wp-json\/wp\/v2\/media?parent=22018"}],"curies":[{"name":"wp","href":"https:\/\/api.w.org\/{rel}","templated":true}]}}