{"id":8,"date":"2023-03-28T15:49:12","date_gmt":"2023-03-28T15:49:12","guid":{"rendered":"https:\/\/labs.100x100.net\/projects\/lluita\/?page_id=8"},"modified":"2023-08-25T10:54:31","modified_gmt":"2023-08-25T10:54:31","slug":"politica-de-privacidad","status":"publish","type":"page","link":"https:\/\/lluita.org\/es\/politica-de-privacidad\/","title":{"rendered":"Pol\u00edtica de privacidad"},"content":{"rendered":"<p><strong>Responsable del tratamiento:<\/strong>\u00a0La Fundaci\u00f3n Lucha contra las Infecciones con domicilio en la Ctra. de Canyet s\/n, Hosp. Univ. Germans Trias i Pujol, 2a planta Maternal, 08916 Badalona, Barcelona, Espa\u00f1a<\/p>\n<p><strong>Finalidad del tratamiento<\/strong>: los datos se utilizar\u00e1n para atender vuestra solicitud.<\/p>\n<p><strong>Derechos<\/strong>: Tiene derecho a ejercer el derecho de acceso, rectificaci\u00f3n, eliminaci\u00f3n, oposici\u00f3n, limitaci\u00f3n del tratamiento, portabilidad de los datos, a no estar sometido a decisiones individuales automatizadas y a la revocaci\u00f3n. Para ejercer los anteriores derechos es necesario que los interesados se dirijan al domicilio del responsable del tratamiento.<\/p>\n<h2>1.\u00a0 DERECHOS DE INFORMACI\u00d3N<\/h2>\n<p>De acuerdo con lo que dispone el art\u00edculo 11 de la Ley Org\u00e1nica 3\/2018, del 5 de diciembre, de Protecci\u00f3n de Datos \u00a0Personales y garant\u00eda de los derechos digitales (en adelante LOPDGDD) y el art\u00edculo 13 del Reglamento General de Protecci\u00f3n de Datos 2016\/679 os informamos de:<\/p>\n<p><strong>1.1. Identificaci\u00f3n de responsables:<\/strong><\/p>\n<p>El responsable del tratamiento es la Fundaci\u00f3n FLS, con domicilio en Badalona (08916), Ctra. de Canyet s\/n \u2013 Hosp. Univ. Germans Trias i Pujol, 2a planta Maternal, tel\u00e9fono: 934.657.897.<\/p>\n<p>El delegado de protecci\u00f3n de dades (DPO) es CIPDI Tratamiento de la Informaci\u00f3n SL. Con domicilio en Matar\u00f3, calle Sant Agust\u00ed n. 1 1\u00ba 1\u00aa. Pod\u00e9is contactar con el delegado en el correo electr\u00f3nico\u00a0<a href=\"mailto:dpo@lluita.org\">dpo@lluita.org<\/a><\/p>\n<p id=\"punto1.2\"><strong>1.2. Finalidades del tratamiento y base jur\u00eddica<\/strong><\/p>\n<p><strong>1.2.1. Finalidad general<\/strong><\/p>\n<p>El responsable del tratamiento utilizar\u00e1 los datos que nos facilite para cualquier medio mientras mantenga relaci\u00f3n con ellos u se incorporaran, tal como nos los ced\u00e9is, en una base de datos titularidad del responsable del tratamiento.<\/p>\n<p>Utilizaremos los datos para:<\/p>\n<ul>\n<li>Prestaros los servicios que nos solicit\u00e9is.<\/li>\n<li>Atender las solicitudes, que nos hag\u00e1is llegar por cualquiera de nuestros canales de comunicaci\u00f3n.<\/li>\n<li>Gestionar las suscripciones a nuestros boletines que generamos para enviaros informaci\u00f3n de nuestras actividades por correo electr\u00f3nico o direcci\u00f3n postal.<\/li>\n<li>Gesti\u00f3n y control de las relaciones contractuales.<\/li>\n<\/ul>\n<p>La base jur\u00eddica de este tratamiento ser\u00e1 la relaci\u00f3n contractual, o de otro tipo, que manteng\u00e1is con el responsable del tratamiento y el consentimiento que otorgu\u00e9is al aceptar en este aviso.<\/p>\n<p>Los datos generados se conservar\u00e1n mientras manteng\u00e1is la relaci\u00f3n con el responsable del tratamiento y, posteriormente, durante el terminio de prescripci\u00f3n de las acciones legales que, en algunos casos pueden llegar a los 10 a\u00f1os.<\/p>\n<p><strong>1.2.2. Tratamiento de im\u00e1genes.<\/strong><\/p>\n<p>El responsable del tratamiento documenta los eventos de car\u00e1cter p\u00fablico que organiza con fotograf\u00edas y v\u00eddeos con la finalidad de realizar difusi\u00f3n en su web o otros espacios de difusi\u00f3n p\u00fablica de informaci\u00f3n como son: la propia web, las redes sociales donde la fundaci\u00f3n dispone de perfil creado y publicaciones propias o en prensa. Puede obtener m\u00e1s informaci\u00f3n sobre este apartado consultando la web de la fundaci\u00f3n o contactando con el DPO.<\/p>\n<p>El tratamiento de estas im\u00e1genes esta legitimado con el consentimiento de los afectados, que otorguen antes de su captaci\u00f3n y por aplicaci\u00f3n del art\u00edculo 8 de la LO 1\/1982 de protecci\u00f3n del derecho al honor, la intimidad y la propia imagen.<\/p>\n<p>Les im\u00e1genes se conservar\u00e1n mientras no se revoque el consentimiento que se otorgue.<\/p>\n<p><strong>1.3. Categor\u00edas de destinatarios.<\/strong><\/p>\n<p>Para dar cumplimiento a las anteriores finalidades tendr\u00e1n acceso a sus datos:<\/p>\n<ul>\n<li>El personal debidamente autorizado per la direcci\u00f3n del responsable del tratamiento.<\/li>\n<li>Los proveedores necesarios para dar cumplimiento a su demanda.<\/li>\n<li>Las redes sociales.<\/li>\n<li>La administraci\u00f3n p\u00fablica en el \u00e1mbito de sus competencias.<\/li>\n<\/ul>\n<p>Puede ampliar esta informaci\u00f3n consultando al DPO.<\/p>\n<p><strong>1.4. Transferencia internacional de datos.<\/strong><\/p>\n<p>El responsable del tratamiento utiliza las siguientes plataformas que pueden implicar transferencias de datos fuera del espacio Schengen:<\/p>\n<ul>\n<li>Google. El responsable del tratamiento ha firmado un acuerdo Google, de acuerdo con la resoluci\u00f3n de la Autoridad Espa\u00f1ola de Protecci\u00f3n de Datos del 22 de junio de 2017. Puede obtener m\u00e1s informaci\u00f3n sobre pol\u00edticas de privacidad de Google visitando los siguientes enlaces :\u00a0<a href=\"https:\/\/support.google.com\/a\/answer\/2888485?hl=es\">https:\/\/support.google.com\/a\/answer\/2888485?hl=es<\/a><\/li>\n<\/ul>\n<p><a href=\"https:\/\/www.privacyshield.gov\/participant?id=a2zt000000001L5AAI\">https:\/\/www.privacyshield.gov\/participant?id=a2zt000000001L5AAI<\/a><\/p>\n<ul>\n<li>MailChimp . Puede recibir m\u00e1s informaci\u00f3n sobre su pol\u00edtica de privacidad en el siguiente enlace:<\/li>\n<\/ul>\n<p><a href=\"https:\/\/mailchimp.com\/legal\/privacy\/\">https:\/\/mailchimp.com\/legal\/privacy\/<\/a><\/p>\n<ul>\n<li>Microsoft con el que se han firmado las cl\u00e1usulas del tipo: https:\/\/privacy.microsoft.com\/es-es\/privacystatement<\/li>\n<\/ul>\n<ul>\n<li>Redes sociales que constan publicadas en nuestra web.<\/li>\n<\/ul>\n<p>Puntualmente, se puede organizar actividades como ensayos cl\u00ednicos, estudios, congresos, o otras actividades formativas o de investigaci\u00f3n con entidades ubicadas en Estados externos al Espacio Schengen. En estos casos, previamente a la realizaci\u00f3n de la transferencia de datos, se informar\u00e1 a los participantes y se solicitar\u00e1 su permiso de acuerdo con la normativa aplicable.<\/p>\n<p><strong>1.5. Derechos como afectados.<\/strong><\/p>\n<p>Tiene derecho a acceder, rectificar, suprimir, oponer-se a que sus datos se traten, a limitar el tratamiento, a pedir la portabilidad de los datos, a no ser sometido a decisiones individuales automatizadas y a revocar el consentimiento otorgado.<\/p>\n<p>Para ejercer estos derechos puede dirigirse por escrito a las direcciones del responsable del tratamiento que constan en este aviso legal.<\/p>\n<p><strong>1.6. Derecho de reclamaci\u00f3n.<\/strong><\/p>\n<p>El organismo competente para conocer de la correcta aplicaci\u00f3n de las normas sobre tratamiento de la informaci\u00f3n es la Autoridad Espa\u00f1ola de Protecci\u00f3n de Datos con domicilio en la Calle Jorge Juan n. 6 de Madrid<\/p>\n<p><strong>1.7. Obligaciones del afectado.<\/strong><\/p>\n<p>El afectado debe aportar informaci\u00f3n veraz y actualizada en todos los procesos de recogida de datos, siendo \u00e9l el \u00fanico responsable de la vulneraci\u00f3n de esta obligaci\u00f3n.<\/p>\n<p>En los formularios de recogida de datos est\u00e1n marcados los datos que son obligatorios aportar, en funci\u00f3n de la demanda que realice el afectado. La falta de aportaci\u00f3n de estos datos puede suponer la imposibilidad de participar en la actividad o proporcionar el servicio que se solicita.<\/p>\n<p><strong>1.8. Elaboraci\u00f3n de perfiles<\/strong><\/p>\n<p>Para cumplir los objetivos del responsable del tratamiento y, sobre todo, para realizar una atenci\u00f3n m\u00e1s personalizada, esmerada y eficaz del usuario, en ocasiones, es necesario elaborar perfiles de los destinatarios de los servicios. En ning\u00fan caso, la elaboraci\u00f3n de perfil se realiza de manera exclusivamente automatizada. Antes de proceder a la elaboraci\u00f3n de perfil os informaremos.<\/p>\n<h2>2. CONSENTIMIENTO DEL USUARIO<\/h2>\n<p>Se entiende que el usuario acepta las condiciones establecidas si pulsa el bot\u00f3n \u2018 ACEPTAR\u2019 que se encuentra en todos los formularios de recogida de datos, o si env\u00eda un mensaje por correo electr\u00f3nico.<\/p>\n<p>Los datos personales se guardan en la base de datos generales de administraci\u00f3n de la Fundaci\u00f3n FLS que, en todo caso, garantiza las medidas t\u00e9cnicas y organizativas para preservar la integridad y la seguridad de la informaci\u00f3n que trata.<\/p>\n<h2>3. SEGURIDAD<\/h2>\n<p>La base de datos general est\u00e1 dotada del preceptivo documento de seguridad y ha establecido todos los medios t\u00e9cnicos a su alcance para evitar la p\u00e9rdida, mas uso, acceso no autorizado y robo de los fatos que nos facilita. El tratamiento de los datos personales est\u00e1 ajustado a la normativa establecida en la Ley org\u00e1nica 3\/2018 de protecci\u00f3n de datos y garant\u00eda de los derechos digitales y el Reglamento (UE) 2016\/679 del Parlamento Europeo y del Consejo, del 27 de abril de 2016.<\/p>\n<h2>4. USO DE DIRECCIONES IP<\/h2>\n<p>Para facilitar la b\u00fasqueda de recursos que creemos que son de su inter\u00e9s, puede encontrar en esta web enlaces a otras p\u00e1gina.<\/p>\n<p>Esta pol\u00edtica de privacidad s\u00f3lo es de aplicaci\u00f3n a esta web. El responsable del tratamiento no garantiza el complimiento de esta pol\u00edtica en otras webs, ni se hace responsable de los accesos mediante enlaces des de este sitio.<\/p>\n","protected":false},"excerpt":{"rendered":"<p>Responsable del tratamiento:\u00a0La Fundaci\u00f3n Lucha contra las Infecciones con domicilio en la Ctra. de Canyet s\/n, Hosp. Univ. Germans Trias i Pujol, 2a planta Maternal, 08916 Badalona, Barcelona, Espa\u00f1a Finalidad del tratamiento: los datos se utilizar\u00e1n para atender vuestra solicitud. Derechos: Tiene derecho a ejercer el derecho de acceso, rectificaci\u00f3n, eliminaci\u00f3n, oposici\u00f3n, limitaci\u00f3n del tratamiento, [&hellip;]<\/p>\n","protected":false},"author":1,"featured_media":0,"parent":0,"menu_order":0,"comment_status":"closed","ping_status":"closed","template":"","meta":{"_acf_changed":false,"footnotes":""},"class_list":["post-8","page","type-page","status-publish","hentry"],"acf":[],"yoast_head":"<!-- This site is optimized with the Yoast SEO Premium plugin v27.2 (Yoast SEO v27.3) - https:\/\/yoast.com\/product\/yoast-seo-premium-wordpress\/ -->\n<title>Pol\u00edtica de privacidad - Fundaci\u00f3 Lluita contra les Infeccions<\/title>\n<meta name=\"robots\" content=\"noindex, nofollow\" \/>\n<meta property=\"og:locale\" content=\"es_ES\" \/>\n<meta property=\"og:type\" content=\"article\" \/>\n<meta property=\"og:title\" content=\"Pol\u00edtica de privacidad\" \/>\n<meta property=\"og:description\" content=\"Responsable del tratamiento:\u00a0La Fundaci\u00f3n Lucha contra las Infecciones con domicilio en la Ctra. de Canyet s\/n, Hosp. Univ. Germans Trias i Pujol, 2a planta Maternal, 08916 Badalona, Barcelona, Espa\u00f1a Finalidad del tratamiento: los datos se utilizar\u00e1n para atender vuestra solicitud. Derechos: Tiene derecho a ejercer el derecho de acceso, rectificaci\u00f3n, eliminaci\u00f3n, oposici\u00f3n, limitaci\u00f3n del tratamiento, [&hellip;]\" \/>\n<meta property=\"og:url\" content=\"https:\/\/lluita.org\/es\/politica-de-privacidad\/\" \/>\n<meta property=\"og:site_name\" content=\"Fundaci\u00f3 Lluita contra les Infeccions\" \/>\n<meta property=\"article:modified_time\" content=\"2023-08-25T10:54:31+00:00\" \/>\n<meta name=\"twitter:card\" content=\"summary_large_image\" \/>\n<meta name=\"twitter:label1\" content=\"Tiempo de lectura\" \/>\n\t<meta name=\"twitter:data1\" content=\"7 minutos\" \/>\n<script type=\"application\/ld+json\" class=\"yoast-schema-graph\">{\"@context\":\"https:\\\/\\\/schema.org\",\"@graph\":[{\"@type\":\"WebPage\",\"@id\":\"https:\\\/\\\/lluita.org\\\/es\\\/politica-de-privacidad\\\/\",\"url\":\"https:\\\/\\\/lluita.org\\\/es\\\/politica-de-privacidad\\\/\",\"name\":\"Pol\u00edtica de privacidad - Fundaci\u00f3 Lluita contra les Infeccions\",\"isPartOf\":{\"@id\":\"https:\\\/\\\/lluita.org\\\/#website\"},\"datePublished\":\"2023-03-28T15:49:12+00:00\",\"dateModified\":\"2023-08-25T10:54:31+00:00\",\"breadcrumb\":{\"@id\":\"https:\\\/\\\/lluita.org\\\/es\\\/politica-de-privacidad\\\/#breadcrumb\"},\"inLanguage\":\"es\",\"potentialAction\":[{\"@type\":\"ReadAction\",\"target\":[\"https:\\\/\\\/lluita.org\\\/es\\\/politica-de-privacidad\\\/\"]}]},{\"@type\":\"BreadcrumbList\",\"@id\":\"https:\\\/\\\/lluita.org\\\/es\\\/politica-de-privacidad\\\/#breadcrumb\",\"itemListElement\":[{\"@type\":\"ListItem\",\"position\":1,\"name\":\"Inici\",\"item\":\"https:\\\/\\\/lluita.org\\\/es\\\/\"},{\"@type\":\"ListItem\",\"position\":2,\"name\":\"Pol\u00edtica de privacidad\"}]},{\"@type\":\"WebSite\",\"@id\":\"https:\\\/\\\/lluita.org\\\/#website\",\"url\":\"https:\\\/\\\/lluita.org\\\/\",\"name\":\"Fundaci\u00f3 Lluita contra les Infeccions\",\"description\":\"\",\"potentialAction\":[{\"@type\":\"SearchAction\",\"target\":{\"@type\":\"EntryPoint\",\"urlTemplate\":\"https:\\\/\\\/lluita.org\\\/?s={search_term_string}\"},\"query-input\":{\"@type\":\"PropertyValueSpecification\",\"valueRequired\":true,\"valueName\":\"search_term_string\"}}],\"inLanguage\":\"es\"}]}<\/script>\n<!-- \/ Yoast SEO Premium plugin. -->","yoast_head_json":{"title":"Pol\u00edtica de privacidad - Fundaci\u00f3 Lluita contra les Infeccions","robots":{"index":"noindex","follow":"nofollow"},"og_locale":"es_ES","og_type":"article","og_title":"Pol\u00edtica de privacidad","og_description":"Responsable del tratamiento:\u00a0La Fundaci\u00f3n Lucha contra las Infecciones con domicilio en la Ctra. de Canyet s\/n, Hosp. Univ. Germans Trias i Pujol, 2a planta Maternal, 08916 Badalona, Barcelona, Espa\u00f1a Finalidad del tratamiento: los datos se utilizar\u00e1n para atender vuestra solicitud. Derechos: Tiene derecho a ejercer el derecho de acceso, rectificaci\u00f3n, eliminaci\u00f3n, oposici\u00f3n, limitaci\u00f3n del tratamiento, [&hellip;]","og_url":"https:\/\/lluita.org\/es\/politica-de-privacidad\/","og_site_name":"Fundaci\u00f3 Lluita contra les Infeccions","article_modified_time":"2023-08-25T10:54:31+00:00","twitter_card":"summary_large_image","twitter_misc":{"Tiempo de lectura":"7 minutos"},"schema":{"@context":"https:\/\/schema.org","@graph":[{"@type":"WebPage","@id":"https:\/\/lluita.org\/es\/politica-de-privacidad\/","url":"https:\/\/lluita.org\/es\/politica-de-privacidad\/","name":"Pol\u00edtica de privacidad - Fundaci\u00f3 Lluita contra les Infeccions","isPartOf":{"@id":"https:\/\/lluita.org\/#website"},"datePublished":"2023-03-28T15:49:12+00:00","dateModified":"2023-08-25T10:54:31+00:00","breadcrumb":{"@id":"https:\/\/lluita.org\/es\/politica-de-privacidad\/#breadcrumb"},"inLanguage":"es","potentialAction":[{"@type":"ReadAction","target":["https:\/\/lluita.org\/es\/politica-de-privacidad\/"]}]},{"@type":"BreadcrumbList","@id":"https:\/\/lluita.org\/es\/politica-de-privacidad\/#breadcrumb","itemListElement":[{"@type":"ListItem","position":1,"name":"Inici","item":"https:\/\/lluita.org\/es\/"},{"@type":"ListItem","position":2,"name":"Pol\u00edtica de privacidad"}]},{"@type":"WebSite","@id":"https:\/\/lluita.org\/#website","url":"https:\/\/lluita.org\/","name":"Fundaci\u00f3 Lluita contra les Infeccions","description":"","potentialAction":[{"@type":"SearchAction","target":{"@type":"EntryPoint","urlTemplate":"https:\/\/lluita.org\/?s={search_term_string}"},"query-input":{"@type":"PropertyValueSpecification","valueRequired":true,"valueName":"search_term_string"}}],"inLanguage":"es"}]}},"_links":{"self":[{"href":"https:\/\/lluita.org\/es\/wp-json\/wp\/v2\/pages\/8","targetHints":{"allow":["GET"]}}],"collection":[{"href":"https:\/\/lluita.org\/es\/wp-json\/wp\/v2\/pages"}],"about":[{"href":"https:\/\/lluita.org\/es\/wp-json\/wp\/v2\/types\/page"}],"author":[{"embeddable":true,"href":"https:\/\/lluita.org\/es\/wp-json\/wp\/v2\/users\/1"}],"replies":[{"embeddable":true,"href":"https:\/\/lluita.org\/es\/wp-json\/wp\/v2\/comments?post=8"}],"version-history":[{"count":2,"href":"https:\/\/lluita.org\/es\/wp-json\/wp\/v2\/pages\/8\/revisions"}],"predecessor-version":[{"id":21835,"href":"https:\/\/lluita.org\/es\/wp-json\/wp\/v2\/pages\/8\/revisions\/21835"}],"wp:attachment":[{"href":"https:\/\/lluita.org\/es\/wp-json\/wp\/v2\/media?parent=8"}],"curies":[{"name":"wp","href":"https:\/\/api.w.org\/{rel}","templated":true}]}}